{"id":646,"date":"2024-11-19T17:00:19","date_gmt":"2024-11-19T17:00:19","guid":{"rendered":"http:\/\/n1company.com.br\/?page_id=646"},"modified":"2025-04-30T19:34:18","modified_gmt":"2025-04-30T19:34:18","slug":"formulario-n1-company","status":"publish","type":"page","link":"https:\/\/n1company.com.br\/?page_id=646","title":{"rendered":"FORMUL\u00c1RIO &#8211; N1 COMPANY"},"content":{"rendered":"\t\t<div data-elementor-type=\"wp-page\" data-elementor-id=\"646\" class=\"elementor elementor-646\">\n\t\t\t\t<div class=\"elementor-element elementor-element-8f65991 e-flex e-con-boxed wpr-particle-no wpr-jarallax-no wpr-parallax-no wpr-sticky-section-no wpr-equal-height-no e-con e-parent\" data-id=\"8f65991\" data-element_type=\"container\" data-e-type=\"container\" data-settings=\"{&quot;background_background&quot;:&quot;classic&quot;}\">\n\t\t\t\t\t<div class=\"e-con-inner\">\n\t\t\t\t<div class=\"elementor-element elementor-element-5f91e0f elementor-widget__width-initial elementor-widget-mobile__width-auto elementor-widget elementor-widget-heading\" data-id=\"5f91e0f\" data-element_type=\"widget\" data-e-type=\"widget\" data-widget_type=\"heading.default\">\n\t\t\t\t<div class=\"elementor-widget-container\">\n\t\t\t\t\t<h2 class=\"elementor-heading-title elementor-size-default\">Junte-se ao time!\u2028Eleve seu neg\u00f3cio\nao <span style=\"color: #BA181B\"> TOPO!<\/h2>\t\t\t\t<\/div>\n\t\t\t\t<\/div>\n\t\t\t\t<div class=\"elementor-element elementor-element-dbd3c2e elementor-widget__width-initial elementor-widget elementor-widget-heading\" data-id=\"dbd3c2e\" data-element_type=\"widget\" data-e-type=\"widget\" data-widget_type=\"heading.default\">\n\t\t\t\t<div class=\"elementor-widget-container\">\n\t\t\t\t\t<h2 class=\"elementor-heading-title elementor-size-default\">Preencha o formul\u00e1rio abaixo e <br>\ntransforme seu neg\u00f3cio no N\u00famero 1!<\/h2>\t\t\t\t<\/div>\n\t\t\t\t<\/div>\n\t\t\t\t<div class=\"elementor-element elementor-element-7eafea8 elementor-widget__width-initial elementor-button-align-stretch elementor-widget elementor-widget-form\" data-id=\"7eafea8\" data-element_type=\"widget\" data-e-type=\"widget\" data-settings=\"{&quot;step_next_label&quot;:&quot;Next&quot;,&quot;step_previous_label&quot;:&quot;Previous&quot;,&quot;button_width&quot;:&quot;100&quot;,&quot;step_type&quot;:&quot;number_text&quot;,&quot;step_icon_shape&quot;:&quot;circle&quot;}\" data-widget_type=\"form.default\">\n\t\t\t\t<div class=\"elementor-widget-container\">\n\t\t\t\t\t\t\t<form class=\"elementor-form\" method=\"post\" name=\"FORMUL\u00c1RIO N1\">\n\t\t\t<input type=\"hidden\" name=\"post_id\" value=\"646\"\/>\n\t\t\t<input type=\"hidden\" name=\"form_id\" value=\"7eafea8\"\/>\n\t\t\t<input type=\"hidden\" name=\"referer_title\" value=\"N1 Company\" \/>\n\n\t\t\t\n\t\t\t<div class=\"elementor-form-fields-wrapper elementor-labels-\">\n\t\t\t\t\t\t\t\t<div class=\"elementor-field-type-text elementor-field-group elementor-column elementor-field-group-name elementor-col-100 elementor-field-required\">\n\t\t\t\t\t\t\t\t\t\t\t\t<label for=\"form-field-name\" class=\"elementor-field-label elementor-screen-only\">\n\t\t\t\t\t\t\t\tName\t\t\t\t\t\t\t<\/label>\n\t\t\t\t\t\t\t\t\t\t\t\t\t\t<input size=\"1\" type=\"text\" name=\"form_fields[name]\" id=\"form-field-name\" class=\"elementor-field elementor-size-md  elementor-field-textual\" placeholder=\"Seu nome\" required=\"required\" aria-required=\"true\">\n\t\t\t\t\t\t\t\t\t\t\t<\/div>\n\t\t\t\t\t\t\t\t<div class=\"elementor-field-type-text elementor-field-group elementor-column elementor-field-group-field_f4d6a3c elementor-col-100 elementor-field-required\">\n\t\t\t\t\t\t\t\t\t\t\t\t\t<input size=\"1\" type=\"text\" name=\"form_fields[field_f4d6a3c]\" id=\"form-field-field_f4d6a3c\" class=\"elementor-field elementor-size-md  elementor-field-textual\" placeholder=\"Nome da empresa\" required=\"required\" aria-required=\"true\">\n\t\t\t\t\t\t\t\t\t\t\t<\/div>\n\t\t\t\t\t\t\t\t<div class=\"elementor-field-type-tel elementor-field-group elementor-column elementor-field-group-message elementor-col-100 elementor-field-required\">\n\t\t\t\t\t\t\t\t\t\t\t\t<label for=\"form-field-message\" class=\"elementor-field-label elementor-screen-only\">\n\t\t\t\t\t\t\t\tMessage\t\t\t\t\t\t\t<\/label>\n\t\t\t\t\t\t\t\t<input size=\"1\" type=\"tel\" name=\"form_fields[message]\" id=\"form-field-message\" class=\"elementor-field elementor-size-md  elementor-field-textual\" placeholder=\"Seu whatsapp\" required=\"required\" aria-required=\"true\" pattern=\"[0-9()#&amp;+*-=.]+\" title=\"Only numbers and phone characters (#, -, *, etc) are accepted.\">\n\n\t\t\t\t\t\t<\/div>\n\t\t\t\t\t\t\t\t<div class=\"elementor-field-type-email elementor-field-group elementor-column elementor-field-group-email elementor-col-100 elementor-field-required\">\n\t\t\t\t\t\t\t\t\t\t\t\t<label for=\"form-field-email\" class=\"elementor-field-label elementor-screen-only\">\n\t\t\t\t\t\t\t\tEmail\t\t\t\t\t\t\t<\/label>\n\t\t\t\t\t\t\t\t\t\t\t\t\t\t<input size=\"1\" type=\"email\" name=\"form_fields[email]\" id=\"form-field-email\" class=\"elementor-field elementor-size-md  elementor-field-textual\" placeholder=\"Seu melhor e-mail\" required=\"required\" aria-required=\"true\">\n\t\t\t\t\t\t\t\t\t\t\t<\/div>\n\t\t\t\t\t\t\t\t<div class=\"elementor-field-type-select elementor-field-group elementor-column elementor-field-group-field_443305a elementor-col-100 elementor-field-required\">\n\t\t\t\t\t\t\t\t\t\t\t\t<label for=\"form-field-field_443305a\" class=\"elementor-field-label elementor-screen-only\">\n\t\t\t\t\t\t\t\tFaturamento da empresa\t\t\t\t\t\t\t<\/label>\n\t\t\t\t\t\t\t\t<div class=\"elementor-field elementor-select-wrapper \">\n\t\t\t<select name=\"form_fields[field_443305a]\" id=\"form-field-field_443305a\" class=\"elementor-field-textual elementor-size-md\" required=\"required\" aria-required=\"true\">\n\t\t\t\t\t\t\t\t\t<option value=\"\">Faturamento da empresa<\/option>\n\t\t\t\t\t\t\t\t\t<option value=\"0-10\">At\u00e9 10 mil reais<\/option>\n\t\t\t\t\t\t\t\t\t<option value=\"10-50\">De 10 mil at\u00e9 50 mil reais<\/option>\n\t\t\t\t\t\t\t\t\t<option value=\"50-100\">De 50 mil at\u00e9 100 mil reais<\/option>\n\t\t\t\t\t\t\t\t\t<option value=\"100+\">Mais que 100 mil reais<\/option>\n\t\t\t\t\t\t\t\t\t<option value=\"\"><\/option>\n\t\t\t\t\t\t\t<\/select>\n\t\t<\/div>\n\t\t\t\t\t\t<\/div>\n\t\t\t\t\t\t\t\t<div class=\"elementor-field-type-select elementor-field-group elementor-column elementor-field-group-field_a074ae7 elementor-col-100 elementor-field-required\">\n\t\t\t\t\t\t\t\t\t\t\t\t<label for=\"form-field-field_a074ae7\" class=\"elementor-field-label elementor-screen-only\">\n\t\t\t\t\t\t\t\tFuncion\u00e1rios\t\t\t\t\t\t\t<\/label>\n\t\t\t\t\t\t\t\t<div class=\"elementor-field elementor-select-wrapper \">\n\t\t\t<select name=\"form_fields[field_a074ae7]\" id=\"form-field-field_a074ae7\" class=\"elementor-field-textual elementor-size-md\" required=\"required\" aria-required=\"true\">\n\t\t\t\t\t\t\t\t\t<option value=\"\">Quantos funcion\u00e1rios tem na sua empresa?<\/option>\n\t\t\t\t\t\t\t\t\t<option value=\"0-5\">At\u00e9 5 funcion\u00e1rios<\/option>\n\t\t\t\t\t\t\t\t\t<option value=\"5-10\">De 5 \u00e0 10 funcion\u00e1rios<\/option>\n\t\t\t\t\t\t\t\t\t<option value=\"10-50\">De 10 \u00e0 50 funcion\u00e1rios<\/option>\n\t\t\t\t\t\t\t\t\t<option value=\"50-100\">De 50 \u00e0 100 funcion\u00e1rios<\/option>\n\t\t\t\t\t\t\t\t\t<option value=\"100+\">Mais de 100 funcion\u00e1rios<\/option>\n\t\t\t\t\t\t\t<\/select>\n\t\t<\/div>\n\t\t\t\t\t\t<\/div>\n\t\t\t\t\t\t\t\t<div class=\"elementor-field-type-text elementor-field-group elementor-column elementor-field-group-field_dccf06d elementor-col-100 elementor-field-required\">\n\t\t\t\t\t\t\t\t\t\t\t\t\t<input size=\"1\" type=\"text\" name=\"form_fields[field_dccf06d]\" id=\"form-field-field_dccf06d\" class=\"elementor-field elementor-size-md  elementor-field-textual\" placeholder=\"Qual segmento da sua empresa?\" required=\"required\" aria-required=\"true\">\n\t\t\t\t\t\t\t\t\t\t\t<\/div>\n\t\t\t\t\t\t\t\t<div class=\"elementor-field-type-text elementor-field-group elementor-column elementor-field-group-field_ac48ada elementor-col-100 elementor-field-required\">\n\t\t\t\t\t\t\t\t\t\t\t\t\t<input size=\"1\" type=\"text\" name=\"form_fields[field_ac48ada]\" id=\"form-field-field_ac48ada\" class=\"elementor-field elementor-size-md  elementor-field-textual\" placeholder=\"Quanto voc\u00ea est\u00e1 disposto a investir em marketing digital?\" required=\"required\" aria-required=\"true\">\n\t\t\t\t\t\t\t\t\t\t\t<\/div>\n\t\t\t\t\t\t\t\t<div class=\"elementor-field-group elementor-column elementor-field-type-submit elementor-col-100 e-form__buttons\">\n\t\t\t\t\t<button type=\"submit\" class=\"elementor-button elementor-size-sm elementor-animation-grow\">\n\t\t\t\t\t\t<span >\n\t\t\t\t\t\t\t\t\t\t\t\t\t\t\t<span class=\" elementor-button-icon\">\n\t\t\t\t\t\t\t\t\t\t\t\t\t\t\t\t\t\t\t\t\t\t\t\t\t\t<\/span>\n\t\t\t\t\t\t\t\t\t\t\t\t\t\t\t\t\t\t\t\t\t\t<span class=\"elementor-button-text\">TRANSFORMAR SEU NEG\u00d3CIO<\/span>\n\t\t\t\t\t\t\t\t\t\t\t\t\t<\/span>\n\t\t\t\t\t<\/button>\n\t\t\t\t<\/div>\n\t\t\t<\/div>\n\t\t<\/form>\n\t\t\t\t\t\t<\/div>\n\t\t\t\t<\/div>\n\t\t\t\t<div class=\"elementor-element elementor-element-fbdfbda elementor-widget elementor-widget-spacer\" data-id=\"fbdfbda\" data-element_type=\"widget\" data-e-type=\"widget\" data-widget_type=\"spacer.default\">\n\t\t\t\t<div class=\"elementor-widget-container\">\n\t\t\t\t\t\t\t<div class=\"elementor-spacer\">\n\t\t\t<div class=\"elementor-spacer-inner\"><\/div>\n\t\t<\/div>\n\t\t\t\t\t\t<\/div>\n\t\t\t\t<\/div>\n\t\t\t\t<div class=\"elementor-element elementor-element-7728d09 elementor-widget__width-initial elementor-widget-mobile__width-auto elementor-widget elementor-widget-heading\" data-id=\"7728d09\" data-element_type=\"widget\" data-e-type=\"widget\" data-widget_type=\"heading.default\">\n\t\t\t\t<div class=\"elementor-widget-container\">\n\t\t\t\t\t<h2 class=\"elementor-heading-title elementor-size-default\">Junte-se a essas marcas que\nconfiam no nosso trabalho e <span style=\"color: #BA181B\"> \nTRANSFORMARAM <\/span> o neg\u00f3cio delas!<\/h2>\t\t\t\t<\/div>\n\t\t\t\t<\/div>\n\t\t\t\t<div class=\"elementor-element elementor-element-233a159 elementor-widget elementor-widget-spacer\" data-id=\"233a159\" data-element_type=\"widget\" data-e-type=\"widget\" data-widget_type=\"spacer.default\">\n\t\t\t\t<div class=\"elementor-widget-container\">\n\t\t\t\t\t\t\t<div class=\"elementor-spacer\">\n\t\t\t<div class=\"elementor-spacer-inner\"><\/div>\n\t\t<\/div>\n\t\t\t\t\t\t<\/div>\n\t\t\t\t<\/div>\n\t\t\t\t<div class=\"elementor-element elementor-element-45013a8 elementor-widget__width-initial elementor-widget-mobile__width-initial elementor-widget elementor-widget-image\" data-id=\"45013a8\" data-element_type=\"widget\" data-e-type=\"widget\" data-widget_type=\"image.default\">\n\t\t\t\t<div class=\"elementor-widget-container\">\n\t\t\t\t\t\t\t\t\t\t\t\t\t\t\t<img fetchpriority=\"high\" decoding=\"async\" width=\"800\" height=\"818\" src=\"https:\/\/i0.wp.com\/n1company.com.br\/wp-content\/uploads\/2024\/11\/CASES-DE-SUCESSO_1x.webp?fit=800%2C818&amp;ssl=1\" class=\"attachment-large size-large wp-image-520\" alt=\"CASES DE SUCESSO - N1 COMPANY\" srcset=\"https:\/\/i0.wp.com\/n1company.com.br\/wp-content\/uploads\/2024\/11\/CASES-DE-SUCESSO_1x.webp?w=1200&amp;ssl=1 1200w, https:\/\/i0.wp.com\/n1company.com.br\/wp-content\/uploads\/2024\/11\/CASES-DE-SUCESSO_1x.webp?resize=293%2C300&amp;ssl=1 293w, https:\/\/i0.wp.com\/n1company.com.br\/wp-content\/uploads\/2024\/11\/CASES-DE-SUCESSO_1x.webp?resize=1001%2C1024&amp;ssl=1 1001w, https:\/\/i0.wp.com\/n1company.com.br\/wp-content\/uploads\/2024\/11\/CASES-DE-SUCESSO_1x.webp?resize=768%2C786&amp;ssl=1 768w\" sizes=\"(max-width: 800px) 100vw, 800px\" \/>\t\t\t\t\t\t\t\t\t\t\t\t\t\t\t<\/div>\n\t\t\t\t<\/div>\n\t\t\t\t\t<\/div>\n\t\t\t\t<\/div>\n\t\t\t\t<\/div>\n\t\t","protected":false},"excerpt":{"rendered":"<p>Junte-se ao time!\u2028Eleve seu neg\u00f3cio ao TOPO! Preencha o formul\u00e1rio abaixo e transforme seu neg\u00f3cio no N\u00famero 1! Junte-se a essas marcas que confiam no nosso trabalho e TRANSFORMARAM o neg\u00f3cio delas!<\/p>\n","protected":false},"author":1,"featured_media":0,"parent":0,"menu_order":0,"comment_status":"closed","ping_status":"closed","template":"","meta":{"nf_dc_page":"","om_disable_all_campaigns":false,"_monsterinsights_skip_tracking":false,"_monsterinsights_sitenote_active":false,"_monsterinsights_sitenote_note":"","_monsterinsights_sitenote_category":0,"footnotes":""},"class_list":["post-646","page","type-page","status-publish","hentry"],"yoast_head":"<!-- This site is optimized with the Yoast SEO plugin v27.5 - https:\/\/yoast.com\/product\/yoast-seo-wordpress\/ -->\n<title>FORMUL\u00c1RIO - N1 COMPANY - N1 Company<\/title>\n<meta name=\"robots\" content=\"index, follow, max-snippet:-1, max-image-preview:large, max-video-preview:-1\" \/>\n<link rel=\"canonical\" href=\"https:\/\/n1company.com.br\/?page_id=646\" \/>\n<meta property=\"og:locale\" content=\"pt_BR\" \/>\n<meta property=\"og:type\" content=\"article\" \/>\n<meta property=\"og:title\" content=\"FORMUL\u00c1RIO - N1 COMPANY - N1 Company\" \/>\n<meta property=\"og:description\" content=\"Junte-se ao time!\u2028Eleve seu neg\u00f3cio ao TOPO! Preencha o formul\u00e1rio abaixo e transforme seu neg\u00f3cio no N\u00famero 1! Junte-se a essas marcas que confiam no nosso trabalho e TRANSFORMARAM o neg\u00f3cio delas!\" \/>\n<meta property=\"og:url\" content=\"https:\/\/n1company.com.br\/?page_id=646\" \/>\n<meta property=\"og:site_name\" content=\"N1 Company\" \/>\n<meta property=\"article:modified_time\" content=\"2025-04-30T19:34:18+00:00\" \/>\n<meta property=\"og:image\" content=\"http:\/\/n1company.com.br\/wp-content\/uploads\/2024\/11\/CASES-DE-SUCESSO_1x-1001x1024.webp\" \/>\n<meta name=\"twitter:card\" content=\"summary_large_image\" \/>\n<meta name=\"twitter:label1\" content=\"Est. tempo de leitura\" \/>\n\t<meta name=\"twitter:data1\" content=\"1 minuto\" \/>\n<script type=\"application\/ld+json\" class=\"yoast-schema-graph\">{\"@context\":\"https:\\\/\\\/schema.org\",\"@graph\":[{\"@type\":\"WebPage\",\"@id\":\"https:\\\/\\\/n1company.com.br\\\/?page_id=646\",\"url\":\"https:\\\/\\\/n1company.com.br\\\/?page_id=646\",\"name\":\"FORMUL\u00c1RIO - N1 COMPANY - N1 Company\",\"isPartOf\":{\"@id\":\"https:\\\/\\\/n1company.com.br\\\/#website\"},\"primaryImageOfPage\":{\"@id\":\"https:\\\/\\\/n1company.com.br\\\/?page_id=646#primaryimage\"},\"image\":{\"@id\":\"https:\\\/\\\/n1company.com.br\\\/?page_id=646#primaryimage\"},\"thumbnailUrl\":\"http:\\\/\\\/n1company.com.br\\\/wp-content\\\/uploads\\\/2024\\\/11\\\/CASES-DE-SUCESSO_1x-1001x1024.webp\",\"datePublished\":\"2024-11-19T17:00:19+00:00\",\"dateModified\":\"2025-04-30T19:34:18+00:00\",\"breadcrumb\":{\"@id\":\"https:\\\/\\\/n1company.com.br\\\/?page_id=646#breadcrumb\"},\"inLanguage\":\"pt-BR\",\"potentialAction\":[{\"@type\":\"ReadAction\",\"target\":[\"https:\\\/\\\/n1company.com.br\\\/?page_id=646\"]}]},{\"@type\":\"ImageObject\",\"inLanguage\":\"pt-BR\",\"@id\":\"https:\\\/\\\/n1company.com.br\\\/?page_id=646#primaryimage\",\"url\":\"http:\\\/\\\/n1company.com.br\\\/wp-content\\\/uploads\\\/2024\\\/11\\\/CASES-DE-SUCESSO_1x-1001x1024.webp\",\"contentUrl\":\"http:\\\/\\\/n1company.com.br\\\/wp-content\\\/uploads\\\/2024\\\/11\\\/CASES-DE-SUCESSO_1x-1001x1024.webp\"},{\"@type\":\"BreadcrumbList\",\"@id\":\"https:\\\/\\\/n1company.com.br\\\/?page_id=646#breadcrumb\",\"itemListElement\":[{\"@type\":\"ListItem\",\"position\":1,\"name\":\"Home\",\"item\":\"https:\\\/\\\/n1company.com.br\\\/\"},{\"@type\":\"ListItem\",\"position\":2,\"name\":\"FORMUL\u00c1RIO &#8211; N1 COMPANY\"}]},{\"@type\":\"WebSite\",\"@id\":\"https:\\\/\\\/n1company.com.br\\\/#website\",\"url\":\"https:\\\/\\\/n1company.com.br\\\/\",\"name\":\"N1 Company\",\"description\":\"\",\"potentialAction\":[{\"@type\":\"SearchAction\",\"target\":{\"@type\":\"EntryPoint\",\"urlTemplate\":\"https:\\\/\\\/n1company.com.br\\\/?s={search_term_string}\"},\"query-input\":{\"@type\":\"PropertyValueSpecification\",\"valueRequired\":true,\"valueName\":\"search_term_string\"}}],\"inLanguage\":\"pt-BR\"}]}<\/script>\n<!-- \/ Yoast SEO plugin. -->","yoast_head_json":{"title":"FORMUL\u00c1RIO - N1 COMPANY - N1 Company","robots":{"index":"index","follow":"follow","max-snippet":"max-snippet:-1","max-image-preview":"max-image-preview:large","max-video-preview":"max-video-preview:-1"},"canonical":"https:\/\/n1company.com.br\/?page_id=646","og_locale":"pt_BR","og_type":"article","og_title":"FORMUL\u00c1RIO - N1 COMPANY - N1 Company","og_description":"Junte-se ao time!\u2028Eleve seu neg\u00f3cio ao TOPO! Preencha o formul\u00e1rio abaixo e transforme seu neg\u00f3cio no N\u00famero 1! Junte-se a essas marcas que confiam no nosso trabalho e TRANSFORMARAM o neg\u00f3cio delas!","og_url":"https:\/\/n1company.com.br\/?page_id=646","og_site_name":"N1 Company","article_modified_time":"2025-04-30T19:34:18+00:00","og_image":[{"url":"http:\/\/n1company.com.br\/wp-content\/uploads\/2024\/11\/CASES-DE-SUCESSO_1x-1001x1024.webp","type":"","width":"","height":""}],"twitter_card":"summary_large_image","twitter_misc":{"Est. tempo de leitura":"1 minuto"},"schema":{"@context":"https:\/\/schema.org","@graph":[{"@type":"WebPage","@id":"https:\/\/n1company.com.br\/?page_id=646","url":"https:\/\/n1company.com.br\/?page_id=646","name":"FORMUL\u00c1RIO - N1 COMPANY - N1 Company","isPartOf":{"@id":"https:\/\/n1company.com.br\/#website"},"primaryImageOfPage":{"@id":"https:\/\/n1company.com.br\/?page_id=646#primaryimage"},"image":{"@id":"https:\/\/n1company.com.br\/?page_id=646#primaryimage"},"thumbnailUrl":"http:\/\/n1company.com.br\/wp-content\/uploads\/2024\/11\/CASES-DE-SUCESSO_1x-1001x1024.webp","datePublished":"2024-11-19T17:00:19+00:00","dateModified":"2025-04-30T19:34:18+00:00","breadcrumb":{"@id":"https:\/\/n1company.com.br\/?page_id=646#breadcrumb"},"inLanguage":"pt-BR","potentialAction":[{"@type":"ReadAction","target":["https:\/\/n1company.com.br\/?page_id=646"]}]},{"@type":"ImageObject","inLanguage":"pt-BR","@id":"https:\/\/n1company.com.br\/?page_id=646#primaryimage","url":"http:\/\/n1company.com.br\/wp-content\/uploads\/2024\/11\/CASES-DE-SUCESSO_1x-1001x1024.webp","contentUrl":"http:\/\/n1company.com.br\/wp-content\/uploads\/2024\/11\/CASES-DE-SUCESSO_1x-1001x1024.webp"},{"@type":"BreadcrumbList","@id":"https:\/\/n1company.com.br\/?page_id=646#breadcrumb","itemListElement":[{"@type":"ListItem","position":1,"name":"Home","item":"https:\/\/n1company.com.br\/"},{"@type":"ListItem","position":2,"name":"FORMUL\u00c1RIO &#8211; N1 COMPANY"}]},{"@type":"WebSite","@id":"https:\/\/n1company.com.br\/#website","url":"https:\/\/n1company.com.br\/","name":"N1 Company","description":"","potentialAction":[{"@type":"SearchAction","target":{"@type":"EntryPoint","urlTemplate":"https:\/\/n1company.com.br\/?s={search_term_string}"},"query-input":{"@type":"PropertyValueSpecification","valueRequired":true,"valueName":"search_term_string"}}],"inLanguage":"pt-BR"}]}},"jetpack_sharing_enabled":true,"_links":{"self":[{"href":"https:\/\/n1company.com.br\/index.php?rest_route=\/wp\/v2\/pages\/646","targetHints":{"allow":["GET"]}}],"collection":[{"href":"https:\/\/n1company.com.br\/index.php?rest_route=\/wp\/v2\/pages"}],"about":[{"href":"https:\/\/n1company.com.br\/index.php?rest_route=\/wp\/v2\/types\/page"}],"author":[{"embeddable":true,"href":"https:\/\/n1company.com.br\/index.php?rest_route=\/wp\/v2\/users\/1"}],"replies":[{"embeddable":true,"href":"https:\/\/n1company.com.br\/index.php?rest_route=%2Fwp%2Fv2%2Fcomments&post=646"}],"version-history":[{"count":5,"href":"https:\/\/n1company.com.br\/index.php?rest_route=\/wp\/v2\/pages\/646\/revisions"}],"predecessor-version":[{"id":1726,"href":"https:\/\/n1company.com.br\/index.php?rest_route=\/wp\/v2\/pages\/646\/revisions\/1726"}],"wp:attachment":[{"href":"https:\/\/n1company.com.br\/index.php?rest_route=%2Fwp%2Fv2%2Fmedia&parent=646"}],"curies":[{"name":"wp","href":"https:\/\/api.w.org\/{rel}","templated":true}]}}